{"id":230,"date":"2021-09-01T23:00:38","date_gmt":"2021-09-01T23:00:38","guid":{"rendered":"https:\/\/leydiramos.com\/?page_id=230"},"modified":"2021-09-08T22:49:45","modified_gmt":"2021-09-08T22:49:45","slug":"contacto-leydi-ramos","status":"publish","type":"page","link":"https:\/\/leydiramos.com\/?page_id=230","title":{"rendered":"Contacto"},"content":{"rendered":"\t\t<div data-elementor-type=\"wp-page\" data-elementor-id=\"230\" class=\"elementor elementor-230\" data-elementor-settings=\"[]\">\n\t\t\t\t\t\t\t<div class=\"elementor-section-wrap\">\n\t\t\t\t\t\t\t<section class=\"elementor-section elementor-top-section elementor-element elementor-element-6600fb87 elementor-section-full_width elementor-section-stretched elementor-section-height-default elementor-section-height-default\" data-id=\"6600fb87\" data-element_type=\"section\" data-settings=\"{&quot;background_background&quot;:&quot;classic&quot;,&quot;stretch_section&quot;:&quot;section-stretched&quot;}\">\n\t\t\t\t\t\t\t<div class=\"elementor-background-overlay\"><\/div>\n\t\t\t\t\t\t\t<div class=\"elementor-container elementor-column-gap-default\">\n\t\t\t\t\t<div class=\"elementor-column elementor-col-100 elementor-top-column elementor-element elementor-element-6d7dc423\" data-id=\"6d7dc423\" data-element_type=\"column\">\n\t\t\t<div class=\"elementor-widget-wrap elementor-element-populated\">\n\t\t\t\t\t\t\t\t<div class=\"elementor-element elementor-element-4fb560e elementor-widget elementor-widget-heading\" data-id=\"4fb560e\" data-element_type=\"widget\" data-widget_type=\"heading.default\">\n\t\t\t\t<div class=\"elementor-widget-container\">\n\t\t\t<h1 class=\"elementor-heading-title elementor-size-default\">Contacto<\/h1>\t\t<\/div>\n\t\t\t\t<\/div>\n\t\t\t\t\t<\/div>\n\t\t<\/div>\n\t\t\t\t\t\t\t<\/div>\n\t\t<\/section>\n\t\t\t\t<section class=\"elementor-section elementor-top-section elementor-element elementor-element-538c5301 elementor-section-content-middle elementor-section-boxed elementor-section-height-default elementor-section-height-default\" data-id=\"538c5301\" data-element_type=\"section\" data-settings=\"{&quot;background_background&quot;:&quot;classic&quot;}\">\n\t\t\t\t\t\t<div class=\"elementor-container elementor-column-gap-default\">\n\t\t\t\t\t<div class=\"elementor-column elementor-col-50 elementor-top-column elementor-element elementor-element-44387b29\" data-id=\"44387b29\" data-element_type=\"column\">\n\t\t\t<div class=\"elementor-widget-wrap elementor-element-populated\">\n\t\t\t\t\t\t\t\t<div class=\"elementor-element elementor-element-55b2f8a2 elementor-widget elementor-widget-heading\" data-id=\"55b2f8a2\" data-element_type=\"widget\" data-widget_type=\"heading.default\">\n\t\t\t\t<div class=\"elementor-widget-container\">\n\t\t\t<h3 class=\"elementor-heading-title elementor-size-default\">Informaci\u00f3n<\/h3>\t\t<\/div>\n\t\t\t\t<\/div>\n\t\t\t\t<div class=\"elementor-element elementor-element-21be5896 elementor-widget elementor-widget-text-editor\" data-id=\"21be5896\" data-element_type=\"widget\" data-widget_type=\"text-editor.default\">\n\t\t\t\t<div class=\"elementor-widget-container\">\n\t\t\t\t\t\t\t\t<p>Para contratar alg\u00fan servicio o solicitar una asesor\u00eda personalizada y que analicemos el proyecto de tu empresa, puedes contactarme en:<\/p>\n<p>Cali- Colombia<\/p><p><span style=\"font-size: 14px;\"><b>WhatsApp:&nbsp;<\/b><\/span><b style=\"font-size: 14px;\">+57&nbsp; 318 378 04 34<\/b><\/p>\n<p><span style=\"font-size: 14px;\"><b><u>E-mail: leydiramos677@gmail.com<\/u><\/b><\/span><\/p>\t\t\t\t\t\t<\/div>\n\t\t\t\t<\/div>\n\t\t\t\t<div class=\"elementor-element elementor-element-0ae3fb7 elementor-mobile-align-center elementor-widget elementor-widget-button\" data-id=\"0ae3fb7\" data-element_type=\"widget\" data-widget_type=\"button.default\">\n\t\t\t\t<div class=\"elementor-widget-container\">\n\t\t\t\t\t<div class=\"elementor-button-wrapper\">\n\t\t\t<a href=\"https:\/\/api.whatsapp.com\/send?phone=573183780434\" class=\"elementor-button-link elementor-button elementor-size-sm\" role=\"button\">\n\t\t\t\t\t\t<span class=\"elementor-button-content-wrapper\">\n\t\t\t\t\t\t<span class=\"elementor-button-text\">Haz clic aqu\u00ed<\/span>\n\t\t<\/span>\n\t\t\t\t\t<\/a>\n\t\t<\/div>\n\t\t\t\t<\/div>\n\t\t\t\t<\/div>\n\t\t\t\t\t<\/div>\n\t\t<\/div>\n\t\t\t\t<div class=\"elementor-column elementor-col-50 elementor-top-column elementor-element elementor-element-636fd575\" data-id=\"636fd575\" data-element_type=\"column\">\n\t\t\t<div class=\"elementor-widget-wrap elementor-element-populated\">\n\t\t\t\t\t\t\t\t<div class=\"elementor-element elementor-element-5d78e50e elementor-widget elementor-widget-google_maps\" data-id=\"5d78e50e\" data-element_type=\"widget\" data-widget_type=\"google_maps.default\">\n\t\t\t\t<div class=\"elementor-widget-container\">\n\t\t\t\t\t<div class=\"elementor-custom-embed\">\n\t\t\t<iframe frameborder=\"0\" scrolling=\"no\" marginheight=\"0\" marginwidth=\"0\" src=\"https:\/\/maps.google.com\/maps?q=Cali&amp;t=m&amp;z=10&amp;output=embed&amp;iwloc=near\" title=\"%3$s\" aria-label=\"%3$s\"><\/iframe>\n\t\t<\/div>\n\t\t\t\t<\/div>\n\t\t\t\t<\/div>\n\t\t\t\t\t<\/div>\n\t\t<\/div>\n\t\t\t\t\t\t\t<\/div>\n\t\t<\/section>\n\t\t\t\t<section class=\"elementor-section elementor-top-section elementor-element elementor-element-7ee43272 elementor-section-full_width elementor-section-stretched elementor-section-height-default elementor-section-height-default\" data-id=\"7ee43272\" data-element_type=\"section\" data-settings=\"{&quot;background_background&quot;:&quot;classic&quot;,&quot;stretch_section&quot;:&quot;section-stretched&quot;}\">\n\t\t\t\t\t\t\t<div class=\"elementor-background-overlay\"><\/div>\n\t\t\t\t\t\t\t<div class=\"elementor-container elementor-column-gap-default\">\n\t\t\t\t\t<div class=\"elementor-column elementor-col-100 elementor-top-column elementor-element elementor-element-719ca39a\" data-id=\"719ca39a\" data-element_type=\"column\">\n\t\t\t<div class=\"elementor-widget-wrap elementor-element-populated\">\n\t\t\t\t\t\t\t\t<div class=\"elementor-element elementor-element-737405f6 elementor-widget elementor-widget-heading\" data-id=\"737405f6\" data-element_type=\"widget\" data-widget_type=\"heading.default\">\n\t\t\t\t<div class=\"elementor-widget-container\">\n\t\t\t<h3 class=\"elementor-heading-title elementor-size-default\">\u00bfC\u00f3mo puedo ayudarte?<\/h3>\t\t<\/div>\n\t\t\t\t<\/div>\n\t\t\t\t\t<\/div>\n\t\t<\/div>\n\t\t\t\t\t\t\t<\/div>\n\t\t<\/section>\n\t\t\t\t\t\t<\/div>\n\t\t\t\t\t<\/div>\n\t\t","protected":false},"excerpt":{"rendered":"<p>Contacto Informaci\u00f3n Para contratar alg\u00fan servicio o solicitar una asesor\u00eda personalizada y que analicemos el proyecto de tu empresa, puedes contactarme en: Cali- Colombia WhatsApp:&nbsp;+57&nbsp; 318 378 04 34 E-mail: leydiramos677@gmail.com Haz clic aqu\u00ed \u00bfC\u00f3mo puedo ayudarte?<\/p>\n","protected":false},"author":1,"featured_media":0,"parent":0,"menu_order":0,"comment_status":"closed","ping_status":"closed","template":"","meta":{"om_disable_all_campaigns":false,"_monsterinsights_skip_tracking":false,"_monsterinsights_sitenote_active":false,"_monsterinsights_sitenote_note":"","_monsterinsights_sitenote_category":0,"footnotes":""},"class_list":["post-230","page","type-page","status-publish","hentry","entry"],"yoast_head":"<!-- This site is optimized with the Yoast SEO plugin v17.1 - https:\/\/yoast.com\/wordpress\/plugins\/seo\/ -->\n<title>Contacto - Marketing Digital<\/title>\n<meta name=\"robots\" content=\"index, follow, max-snippet:-1, max-image-preview:large, max-video-preview:-1\" \/>\n<link rel=\"canonical\" href=\"https:\/\/leydiramos.com\/?page_id=230\" \/>\n<meta property=\"og:locale\" content=\"en_US\" \/>\n<meta property=\"og:type\" content=\"article\" \/>\n<meta property=\"og:title\" content=\"Contacto - Marketing Digital\" \/>\n<meta property=\"og:description\" content=\"Contacto Informaci\u00f3n Para contratar alg\u00fan servicio o solicitar una asesor\u00eda personalizada y que analicemos el proyecto de tu empresa, puedes contactarme en: Cali- Colombia WhatsApp:&nbsp;+57&nbsp; 318 378 04 34 E-mail: leydiramos677@gmail.com Haz clic aqu\u00ed \u00bfC\u00f3mo puedo ayudarte?\" \/>\n<meta property=\"og:url\" content=\"https:\/\/leydiramos.com\/?page_id=230\" \/>\n<meta property=\"og:site_name\" content=\"Marketing Digital\" \/>\n<meta property=\"article:modified_time\" content=\"2021-09-08T22:49:45+00:00\" \/>\n<meta name=\"twitter:card\" content=\"summary_large_image\" \/>\n<script type=\"application\/ld+json\" class=\"yoast-schema-graph\">{\"@context\":\"https:\/\/schema.org\",\"@graph\":[{\"@type\":\"WebSite\",\"@id\":\"https:\/\/leydiramos.com\/#website\",\"url\":\"https:\/\/leydiramos.com\/\",\"name\":\"Marketing Digital\",\"description\":\"Leydi Ramos\",\"potentialAction\":[{\"@type\":\"SearchAction\",\"target\":{\"@type\":\"EntryPoint\",\"urlTemplate\":\"https:\/\/leydiramos.com\/?s={search_term_string}\"},\"query-input\":\"required name=search_term_string\"}],\"inLanguage\":\"en-US\"},{\"@type\":\"WebPage\",\"@id\":\"https:\/\/leydiramos.com\/?page_id=230#webpage\",\"url\":\"https:\/\/leydiramos.com\/?page_id=230\",\"name\":\"Contacto - Marketing Digital\",\"isPartOf\":{\"@id\":\"https:\/\/leydiramos.com\/#website\"},\"datePublished\":\"2021-09-01T23:00:38+00:00\",\"dateModified\":\"2021-09-08T22:49:45+00:00\",\"breadcrumb\":{\"@id\":\"https:\/\/leydiramos.com\/?page_id=230#breadcrumb\"},\"inLanguage\":\"en-US\",\"potentialAction\":[{\"@type\":\"ReadAction\",\"target\":[\"https:\/\/leydiramos.com\/?page_id=230\"]}]},{\"@type\":\"BreadcrumbList\",\"@id\":\"https:\/\/leydiramos.com\/?page_id=230#breadcrumb\",\"itemListElement\":[{\"@type\":\"ListItem\",\"position\":1,\"name\":\"Portada\",\"item\":\"https:\/\/leydiramos.com\/\"},{\"@type\":\"ListItem\",\"position\":2,\"name\":\"Contacto\"}]}]}<\/script>\n<!-- \/ Yoast SEO plugin. -->","yoast_head_json":{"title":"Contacto - Marketing Digital","robots":{"index":"index","follow":"follow","max-snippet":"max-snippet:-1","max-image-preview":"max-image-preview:large","max-video-preview":"max-video-preview:-1"},"canonical":"https:\/\/leydiramos.com\/?page_id=230","og_locale":"en_US","og_type":"article","og_title":"Contacto - Marketing Digital","og_description":"Contacto Informaci\u00f3n Para contratar alg\u00fan servicio o solicitar una asesor\u00eda personalizada y que analicemos el proyecto de tu empresa, puedes contactarme en: Cali- Colombia WhatsApp:&nbsp;+57&nbsp; 318 378 04 34 E-mail: leydiramos677@gmail.com Haz clic aqu\u00ed \u00bfC\u00f3mo puedo ayudarte?","og_url":"https:\/\/leydiramos.com\/?page_id=230","og_site_name":"Marketing Digital","article_modified_time":"2021-09-08T22:49:45+00:00","twitter_card":"summary_large_image","schema":{"@context":"https:\/\/schema.org","@graph":[{"@type":"WebSite","@id":"https:\/\/leydiramos.com\/#website","url":"https:\/\/leydiramos.com\/","name":"Marketing Digital","description":"Leydi Ramos","potentialAction":[{"@type":"SearchAction","target":{"@type":"EntryPoint","urlTemplate":"https:\/\/leydiramos.com\/?s={search_term_string}"},"query-input":"required name=search_term_string"}],"inLanguage":"en-US"},{"@type":"WebPage","@id":"https:\/\/leydiramos.com\/?page_id=230#webpage","url":"https:\/\/leydiramos.com\/?page_id=230","name":"Contacto - Marketing Digital","isPartOf":{"@id":"https:\/\/leydiramos.com\/#website"},"datePublished":"2021-09-01T23:00:38+00:00","dateModified":"2021-09-08T22:49:45+00:00","breadcrumb":{"@id":"https:\/\/leydiramos.com\/?page_id=230#breadcrumb"},"inLanguage":"en-US","potentialAction":[{"@type":"ReadAction","target":["https:\/\/leydiramos.com\/?page_id=230"]}]},{"@type":"BreadcrumbList","@id":"https:\/\/leydiramos.com\/?page_id=230#breadcrumb","itemListElement":[{"@type":"ListItem","position":1,"name":"Portada","item":"https:\/\/leydiramos.com\/"},{"@type":"ListItem","position":2,"name":"Contacto"}]}]}},"_links":{"self":[{"href":"https:\/\/leydiramos.com\/index.php?rest_route=\/wp\/v2\/pages\/230","targetHints":{"allow":["GET"]}}],"collection":[{"href":"https:\/\/leydiramos.com\/index.php?rest_route=\/wp\/v2\/pages"}],"about":[{"href":"https:\/\/leydiramos.com\/index.php?rest_route=\/wp\/v2\/types\/page"}],"author":[{"embeddable":true,"href":"https:\/\/leydiramos.com\/index.php?rest_route=\/wp\/v2\/users\/1"}],"replies":[{"embeddable":true,"href":"https:\/\/leydiramos.com\/index.php?rest_route=%2Fwp%2Fv2%2Fcomments&post=230"}],"version-history":[{"count":19,"href":"https:\/\/leydiramos.com\/index.php?rest_route=\/wp\/v2\/pages\/230\/revisions"}],"predecessor-version":[{"id":436,"href":"https:\/\/leydiramos.com\/index.php?rest_route=\/wp\/v2\/pages\/230\/revisions\/436"}],"wp:attachment":[{"href":"https:\/\/leydiramos.com\/index.php?rest_route=%2Fwp%2Fv2%2Fmedia&parent=230"}],"curies":[{"name":"wp","href":"https:\/\/api.w.org\/{rel}","templated":true}]}}